{"id":55,"date":"2022-12-02T08:59:35","date_gmt":"2022-12-02T08:59:35","guid":{"rendered":"https:\/\/www.siltakylanviljelijat.com\/?page_id=55"},"modified":"2022-12-02T08:59:35","modified_gmt":"2022-12-02T08:59:35","slug":"vinkkeja","status":"publish","type":"page","link":"https:\/\/www.siltakylanviljelijat.com\/?page_id=55","title":{"rendered":"Vinkkej\u00e4"},"content":{"rendered":"<h1 class=\"western\" align=\"left\"><span style=\"color: #228b22;\"><span style=\"font-family: Tahoma, Helvetica, sans-serif;\"><span style=\"font-size: small;\"><b>Kuinka paljon maata?<\/b><\/span><\/span><\/span><\/h1>\n<p><a name=\"Muokkaus\"><\/a><span style=\"color: #000000;\"><span style=\"font-family: Arial;\"><span style=\"font-size: xx-small;\">Yhdistys vuokraa aarin ja puolen aarin kokoisia palstoja. Jos olet aloitteleva viljelij\u00e4, suosittelemme puolta aaria. Kokemuksen karttuessa voit ottaa toisenkin puolikkaan.<\/span><\/span><\/span><\/p>\n<p><span style=\"color: #228b22;\"><span style=\"font-family: Tahoma, Helvetica, sans-serif;\"><span style=\"font-size: small;\"><b>Maan muokkaus<\/b><\/span><\/span><\/span><\/p>\n<p><span style=\"color: #000000;\"><span style=\"font-family: Arial;\"><span style=\"font-size: xx-small;\">Kev\u00e4tmuokkaus tuottaa parhaan tuloksen, kun se tehd\u00e4\u00e4n oikeaan aikaan. Mauri Katajam\u00e4ki (Helsingin kaupungin viherosasto) on antanut seuraavanlaisia ohjeita: Liian m\u00e4rk\u00e4\u00e4 maata ei pid\u00e4 muokata, koska silloin savipintainen maa kovettuu ja kasvit kasvavat siin\u00e4 huonosti. Oikea aika muokkaamiseen on silloin, kun maa potkittaessa murenee \u00e4estyssyvyyteen asti. Katajam\u00e4ki ei suosittele jyrsimist\u00e4, koska maa k\u00e4\u00e4ntyy liian syv\u00e4lt\u00e4 ja kosteus haihtuu siit\u00e4 helposti. Talikko ja rautaharava ovat sopivat v\u00e4lineet. Pelkk\u00e4 harava riitt\u00e4\u00e4, jos maan rakenne on ennest\u00e4\u00e4n hyv\u00e4. T\u00e4ll\u00f6in palsta on kuitenkin t\u00e4ytynyt k\u00e4\u00e4nt\u00e4\u00e4 syksyll\u00e4.<\/span><\/span><\/span><\/p>\n<h1 class=\"western\" align=\"left\"><a name=\"Marjoja\"><\/a><span style=\"color: #228b22;\"><span style=\"font-family: Tahoma, Helvetica, sans-serif;\"><span style=\"font-size: small;\"><b>Marjoja vihanneksia vai kukkia &#8211; vai kaikkia?<\/b><\/span><\/span><\/span><\/h1>\n<p><a name=\"Siemen\"><\/a><span style=\"color: #000000;\"><span style=\"font-family: Arial;\"><span style=\"font-size: xx-small;\">Palstalle voit istuttaa perinteisi\u00e4 marjapensaita: herukoita, karviaisia ja vadelmaa. Palstalla niit\u00e4 voi olla jo ennest\u00e4\u00e4nkin, mutta ellei ole, voit hankkia taimia. Nykyisi\u00e4 astiataimia voi istuttaa sulan maan aikaan aikaisesta kev\u00e4\u00e4st\u00e4 my\u00f6h\u00e4iseen syksyyn. Voit kasvattaa my\u00f6s omat mansikat. Vaivattominta on hankkia nekin taimina, mutta kuukausimansikoita on hauska kasvattaa my\u00f6s siemenest\u00e4. Vihanneksista kannattaa kokeilla esimerkiksi maa-artisokkaa, joka on helppo kasvattaa ja joka antaa runsaasti satoa. Kes\u00e4kukista saat v\u00e4ri-iloa niin palstalle kuin kotiinkin. Monien yksivuotisten eli kes\u00e4kukkien siemeni\u00e4 voi kylv\u00e4\u00e4 suoraan maahan ilman esikasvatusta. \u00c4l\u00e4 kuitenkaan kylv\u00e4 kovin aikaisin, vaan malta niin kauan, ett\u00e4 maa ensin l\u00e4mpenee tarpeeksi.<\/span><\/span><\/span><\/p>\n<h1 class=\"western\" align=\"left\"><span style=\"color: #228b22;\"><span style=\"font-family: Tahoma, Helvetica, sans-serif;\"><span style=\"font-size: small;\"><b>Siemenest\u00e4 vai taimesta?<\/b><\/span><\/span><\/span><\/h1>\n<p><a name=\"Maanparannuskasvit\"><\/a><span style=\"color: #000000;\"><span style=\"font-family: Arial;\"><span style=\"font-size: xx-small;\">Valmiiden taimien istuttaminen on vaivatonta, eik\u00e4 viljelij\u00e4n tarvitse varautua kasvukauteen kovin aikaisin. Parhaan sesongin aikaan taimia saa muualtakin kuin erikoisliikkeist\u00e4. Kannattaa my\u00f6s seurata yhdistyksen j\u00e4rjest\u00e4mi\u00e4 tapahtumia, joissa myyd\u00e4\u00e4n taimia. Toisaalta taimien ostaminen ei useinkaan ole edullisin vaihtoehto, varsinkin jos kasvattaa enemm\u00e4n kuin muutaman taimen. Taimivalikoimakin on monissa liikkeiss\u00e4 pieni. Siemenvalikoimat ovat usein paremmat ja yhden taimen hinnalla voi saada pussillisen siemeni\u00e4. Kylv\u00e4minen suoraan kasvupaikalle on vaivatonta. Jotkut kasvit tarvitsevat kuitenkin esikasvatuksen sis\u00e4tiloissa, muuten ne eiv\u00e4t ehdi antaa satoa. Esikasvatuksella voi my\u00f6s aikaistaa kes\u00e4kukkien kukintaa ja lyhyt esikasvatus onnistuu hyvin kotioloissakin valoisalla ikkunalla. Jos toivot tarkempia ohjeita, l\u00f6yd\u00e4t niit\u00e4 esimerkiksi puutarhalehdist\u00e4 ja -kirjoista. Kysele my\u00f6s tuttavilta tai vaikka yhdistyksen j\u00e4senilt\u00e4.<\/span><\/span><\/span><\/p>\n<h1 class=\"western\" align=\"left\"><span style=\"color: #228b22;\"><span style=\"font-family: Tahoma, Helvetica, sans-serif;\"><span style=\"font-size: small;\"><b>Maanparannuskasvit<\/b><\/span><\/span><\/span><\/h1>\n<p><span style=\"color: #000000;\"><span style=\"font-family: Arial;\"><span style=\"font-size: xx-small;\">Maanparannuskasvit ovat sellaisia viljelykasveja, jotka parantavat maan rakennetta ja ravinteisuutta. Ne tekev\u00e4t puolestasi maanmuokkausta ja lannoitusta, joten niille kannattaa antaa osa palstatilasta. Vahva- ja suurijuuriset kasvit m\u00f6yhent\u00e4v\u00e4t kovaa maata. Ne my\u00f6s est\u00e4v\u00e4t ravinteita huuhtoutumasta pois. Hernekasveihin kuuluvat kasvit (herneet, pavut, apilat ym.) sitovat ilmassa olevaa typpe\u00e4. N\u00e4in ne lis\u00e4\u00e4v\u00e4t maan typpipitoisuutta luonnonmukaisesti. Tehokkaita maanmuokkaajia ovat kastemadot, joiden ravintoa ovat lahoavat kasvij\u00e4tteet. Lehti\u00e4 ja naatteja ei pit\u00e4isik\u00e4\u00e4n vied\u00e4 palstalta pois, vaan p\u00e4invastoin palstalle kannattaa tuoda esimerkiksi ruohonleikkuuj\u00e4tett\u00e4 ja syksyll\u00e4 puiden lehti\u00e4. Kasvij\u00e4tteet voi peitt\u00e4\u00e4 maahan tai niist\u00e4 voi tehd\u00e4 katteen tai kompostin.<\/span><\/span><\/span><\/p>\n","protected":false},"excerpt":{"rendered":"<p>Kuinka paljon maata? Yhdistys vuokraa aarin ja puolen aarin kokoisia palstoja. Jos olet aloitteleva viljelij\u00e4, suosittelemme puolta aaria. Kokemuksen karttuessa voit ottaa toisenkin puolikkaan. Maan muokkaus Kev\u00e4tmuokkaus tuottaa parhaan tuloksen, kun se tehd\u00e4\u00e4n oikeaan aikaan. Mauri Katajam\u00e4ki (Helsingin kaupungin viherosasto) on antanut seuraavanlaisia ohjeita: Liian m\u00e4rk\u00e4\u00e4 maata ei pid\u00e4 muokata, koska silloin savipintainen maa kovettuu &#8230; <a title=\"Vinkkej\u00e4\" class=\"read-more\" href=\"https:\/\/www.siltakylanviljelijat.com\/?page_id=55\" aria-label=\"Lis\u00e4\u00e4 Vinkkej\u00e4\">Lue lis\u00e4\u00e4<\/a><\/p>\n","protected":false},"author":1,"featured_media":0,"parent":0,"menu_order":0,"comment_status":"closed","ping_status":"closed","template":"","meta":{"footnotes":""},"class_list":["post-55","page","type-page","status-publish"],"_links":{"self":[{"href":"https:\/\/www.siltakylanviljelijat.com\/index.php?rest_route=\/wp\/v2\/pages\/55","targetHints":{"allow":["GET"]}}],"collection":[{"href":"https:\/\/www.siltakylanviljelijat.com\/index.php?rest_route=\/wp\/v2\/pages"}],"about":[{"href":"https:\/\/www.siltakylanviljelijat.com\/index.php?rest_route=\/wp\/v2\/types\/page"}],"author":[{"embeddable":true,"href":"https:\/\/www.siltakylanviljelijat.com\/index.php?rest_route=\/wp\/v2\/users\/1"}],"replies":[{"embeddable":true,"href":"https:\/\/www.siltakylanviljelijat.com\/index.php?rest_route=%2Fwp%2Fv2%2Fcomments&post=55"}],"version-history":[{"count":1,"href":"https:\/\/www.siltakylanviljelijat.com\/index.php?rest_route=\/wp\/v2\/pages\/55\/revisions"}],"predecessor-version":[{"id":56,"href":"https:\/\/www.siltakylanviljelijat.com\/index.php?rest_route=\/wp\/v2\/pages\/55\/revisions\/56"}],"wp:attachment":[{"href":"https:\/\/www.siltakylanviljelijat.com\/index.php?rest_route=%2Fwp%2Fv2%2Fmedia&parent=55"}],"curies":[{"name":"wp","href":"https:\/\/api.w.org\/{rel}","templated":true}]}}