{"id":5,"date":"2022-12-02T07:25:21","date_gmt":"2022-12-02T07:25:21","guid":{"rendered":"https:\/\/www.siltakylanviljelijat.com\/?page_id=5"},"modified":"2026-02-17T12:38:14","modified_gmt":"2026-02-17T12:38:14","slug":"siltakylan-viljelijat-ry","status":"publish","type":"page","link":"https:\/\/www.siltakylanviljelijat.com\/","title":{"rendered":"Viljele omaksi ja perheesi iloksi!\u00a0"},"content":{"rendered":"<h5>Yhdistys vuokraa aarin (68\u20ac\/vuosi) ja puolen aarin (34\u20ac\/vuosi) kokoisia palstoja. Maksut ovat voimassa v. 2026. Yhdelle perhekunnalle vuokrataan enint\u00e4\u00e4n yksi aari.<\/h5>\n<h5>Liittymisohjeet l\u00f6ytyv\u00e4t <a href=\"https:\/\/www.siltakylanviljelijat.com\/?page_id=67\">t\u00e4\u00e4lt\u00e4<\/a>.<\/h5>\n<p>Tuoreimman tilanteen palstojen saatavuudesta saat tiet\u00e4\u00e4 yhdistyksen puheenjohtajalta.<\/p>\n<p><a href=\"https:\/\/www.siltakylanviljelijat.com\/?page_id=15\">Ajankohtaista <\/a>-sivulta saat tiet\u00e4\u00e4 mahdollisista tapahtumista. <a href=\"https:\/\/www.siltakylanviljelijat.com\/?page_id=20\">Kartta ja palstatilanne<\/a> -sivulta l\u00f6yd\u00e4t palstojen sijainnit ja vapaat palstat alueella. <a href=\"https:\/\/www.siltakylanviljelijat.com\/?page_id=55\">Vinkkej\u00e4<\/a> -sivulta l\u00f6yd\u00e4t muutamia vinkkej\u00e4 aloittelevalle viljelij\u00e4lle.<\/p>\n<p>Tervetuloa viljelem\u00e4\u00e4n!<\/p>\n<p>Ota yhteytt\u00e4: toimisto@siltakylanviljelijat.com<\/p>\n<p><a href=\"http:\/\/www.siltakylanviljelijat.com\/wp-content\/uploads\/2022\/12\/Siltakylan-viljelijat-tietosuojaseloste.pdf\">Siltakyl\u00e4n viljelij\u00e4t tietosuojaseloste<\/a><\/p>\n<p>&nbsp;<\/p>\n","protected":false},"excerpt":{"rendered":"<p>Yhdistys vuokraa aarin (68\u20ac\/vuosi) ja puolen aarin (34\u20ac\/vuosi) kokoisia palstoja. Maksut ovat voimassa v. 2026. Yhdelle perhekunnalle vuokrataan enint\u00e4\u00e4n yksi aari. Liittymisohjeet l\u00f6ytyv\u00e4t t\u00e4\u00e4lt\u00e4. Tuoreimman tilanteen palstojen saatavuudesta saat tiet\u00e4\u00e4 yhdistyksen puheenjohtajalta. Ajankohtaista -sivulta saat tiet\u00e4\u00e4 mahdollisista tapahtumista. Kartta ja palstatilanne -sivulta l\u00f6yd\u00e4t palstojen sijainnit ja vapaat palstat alueella. Vinkkej\u00e4 -sivulta l\u00f6yd\u00e4t muutamia vinkkej\u00e4 aloittelevalle &#8230; <a title=\"Viljele omaksi ja perheesi iloksi!\u00a0\" class=\"read-more\" href=\"https:\/\/www.siltakylanviljelijat.com\/\" aria-label=\"Lis\u00e4\u00e4 Viljele omaksi ja perheesi iloksi!\u00a0\">Lue lis\u00e4\u00e4<\/a><\/p>\n","protected":false},"author":1,"featured_media":13,"parent":0,"menu_order":1,"comment_status":"closed","ping_status":"closed","template":"","meta":{"footnotes":""},"class_list":["post-5","page","type-page","status-publish","has-post-thumbnail"],"_links":{"self":[{"href":"https:\/\/www.siltakylanviljelijat.com\/index.php?rest_route=\/wp\/v2\/pages\/5","targetHints":{"allow":["GET"]}}],"collection":[{"href":"https:\/\/www.siltakylanviljelijat.com\/index.php?rest_route=\/wp\/v2\/pages"}],"about":[{"href":"https:\/\/www.siltakylanviljelijat.com\/index.php?rest_route=\/wp\/v2\/types\/page"}],"author":[{"embeddable":true,"href":"https:\/\/www.siltakylanviljelijat.com\/index.php?rest_route=\/wp\/v2\/users\/1"}],"replies":[{"embeddable":true,"href":"https:\/\/www.siltakylanviljelijat.com\/index.php?rest_route=%2Fwp%2Fv2%2Fcomments&post=5"}],"version-history":[{"count":26,"href":"https:\/\/www.siltakylanviljelijat.com\/index.php?rest_route=\/wp\/v2\/pages\/5\/revisions"}],"predecessor-version":[{"id":131,"href":"https:\/\/www.siltakylanviljelijat.com\/index.php?rest_route=\/wp\/v2\/pages\/5\/revisions\/131"}],"wp:featuredmedia":[{"embeddable":true,"href":"https:\/\/www.siltakylanviljelijat.com\/index.php?rest_route=\/wp\/v2\/media\/13"}],"wp:attachment":[{"href":"https:\/\/www.siltakylanviljelijat.com\/index.php?rest_route=%2Fwp%2Fv2%2Fmedia&parent=5"}],"curies":[{"name":"wp","href":"https:\/\/api.w.org\/{rel}","templated":true}]}}