{"id":20,"date":"2022-12-02T07:41:05","date_gmt":"2022-12-02T07:41:05","guid":{"rendered":"https:\/\/www.siltakylanviljelijat.com\/?page_id=20"},"modified":"2024-03-17T15:58:11","modified_gmt":"2024-03-17T15:58:11","slug":"kartta-ja-palstatilanne","status":"publish","type":"page","link":"https:\/\/www.siltakylanviljelijat.com\/?page_id=20","title":{"rendered":"Kartta ja palstatilanne"},"content":{"rendered":"<p>T\u00e4ll\u00e4 hetkell\u00e4 vapaana ei ole mink\u00e4\u00e4n kokoista palstaa.<\/p>\n<p>Yhdistys suositteleekin j\u00e4\u00e4m\u00e4\u00e4n jonottajaksi. Jonotusta ja mahdollista vapaan palstan vuokraamista varten ilmoita alla olevaan s\u00e4hk\u00f6postiosoitteeseen osoite, puhelinnumero ja s\u00e4hk\u00f6postiosoite. Helsinkil\u00e4iset hakijat ovat jonossa etusijalla.<\/p>\n<p>Ota yhteytt\u00e4: toimisto@siltakylanviljelijat.com<\/p>\n<p>&nbsp;<\/p>\n<p><a href=\"http:\/\/www.siltakylanviljelijat.com\/wp-content\/uploads\/2022\/12\/kartta.jpg\"><img loading=\"lazy\" decoding=\"async\" class=\"alignnone wp-image-21\" src=\"http:\/\/www.siltakylanviljelijat.com\/wp-content\/uploads\/2022\/12\/kartta-300x218.jpg\" alt=\"\" width=\"414\" height=\"301\" srcset=\"https:\/\/www.siltakylanviljelijat.com\/wp-content\/uploads\/2022\/12\/kartta-300x218.jpg 300w, https:\/\/www.siltakylanviljelijat.com\/wp-content\/uploads\/2022\/12\/kartta-1024x744.jpg 1024w, https:\/\/www.siltakylanviljelijat.com\/wp-content\/uploads\/2022\/12\/kartta-768x558.jpg 768w, https:\/\/www.siltakylanviljelijat.com\/wp-content\/uploads\/2022\/12\/kartta.jpg 1053w\" sizes=\"auto, (max-width: 414px) 100vw, 414px\" \/><\/a><\/p>\n","protected":false},"excerpt":{"rendered":"<p>T\u00e4ll\u00e4 hetkell\u00e4 vapaana ei ole mink\u00e4\u00e4n kokoista palstaa. Yhdistys suositteleekin j\u00e4\u00e4m\u00e4\u00e4n jonottajaksi. Jonotusta ja mahdollista vapaan palstan vuokraamista varten ilmoita alla olevaan s\u00e4hk\u00f6postiosoitteeseen osoite, puhelinnumero ja s\u00e4hk\u00f6postiosoite. Helsinkil\u00e4iset hakijat ovat jonossa etusijalla. Ota yhteytt\u00e4: toimisto@siltakylanviljelijat.com &nbsp;<\/p>\n","protected":false},"author":1,"featured_media":0,"parent":0,"menu_order":0,"comment_status":"closed","ping_status":"closed","template":"","meta":{"footnotes":""},"class_list":["post-20","page","type-page","status-publish"],"_links":{"self":[{"href":"https:\/\/www.siltakylanviljelijat.com\/index.php?rest_route=\/wp\/v2\/pages\/20","targetHints":{"allow":["GET"]}}],"collection":[{"href":"https:\/\/www.siltakylanviljelijat.com\/index.php?rest_route=\/wp\/v2\/pages"}],"about":[{"href":"https:\/\/www.siltakylanviljelijat.com\/index.php?rest_route=\/wp\/v2\/types\/page"}],"author":[{"embeddable":true,"href":"https:\/\/www.siltakylanviljelijat.com\/index.php?rest_route=\/wp\/v2\/users\/1"}],"replies":[{"embeddable":true,"href":"https:\/\/www.siltakylanviljelijat.com\/index.php?rest_route=%2Fwp%2Fv2%2Fcomments&post=20"}],"version-history":[{"count":7,"href":"https:\/\/www.siltakylanviljelijat.com\/index.php?rest_route=\/wp\/v2\/pages\/20\/revisions"}],"predecessor-version":[{"id":84,"href":"https:\/\/www.siltakylanviljelijat.com\/index.php?rest_route=\/wp\/v2\/pages\/20\/revisions\/84"}],"wp:attachment":[{"href":"https:\/\/www.siltakylanviljelijat.com\/index.php?rest_route=%2Fwp%2Fv2%2Fmedia&parent=20"}],"curies":[{"name":"wp","href":"https:\/\/api.w.org\/{rel}","templated":true}]}}